{"id":91,"date":"2021-07-30T10:00:13","date_gmt":"2021-07-30T13:00:13","guid":{"rendered":"http:\/\/diplomaciacivil.com\/?page_id=91"},"modified":"2026-02-16T14:49:29","modified_gmt":"2026-02-16T17:49:29","slug":"contatos","status":"publish","type":"page","link":"https:\/\/diplomaciacivil.com\/index.php\/contatos\/","title":{"rendered":"CONTATOS"},"content":{"rendered":"<div class=\"wp-block-image\"><figure class=\"aligncenter size-large is-resized\"><a href=\"http:\/\/cursocapelaniaomce.com\/\"><img decoding=\"async\" src=\"https:\/\/diplomaciacivil.com\/wp-content\/uploads\/2022\/04\/Selo-de-Garantia-1024x1024.png\" alt=\"\" class=\"wp-image-3224\" style=\"width:220px;height:220px\"\/><\/a><figcaption class=\"wp-element-caption\">                <\/figcaption><\/figure><\/div><div style=\"height:19px\" aria-hidden=\"true\" class=\"wp-block-spacer\"><\/div><div class=\"wp-block-buttons is-horizontal is-content-justification-center is-layout-flex wp-container-core-buttons-is-layout-1 wp-block-buttons-is-layout-flex\"><div class=\"wp-block-button\"><a class=\"wp-block-button__link wp-element-button\" href=\"https:\/\/livrosronaldo.com\/\" target=\"_blank\" rel=\"noreferrer noopener\">LIVROS DO PRESIDENTE<\/a><\/div>\n\n<div class=\"wp-block-button\"><a class=\"wp-block-button__link wp-element-button\" href=\"https:\/\/api.whatsapp.com\/send?phone=5531920014377&amp;text=Ol%C3%A1%20Capelania%20OMCE%20,%20tenho%20uma%20duvida%20sobre%20o%20curso.\" target=\"_blank\" rel=\"noreferrer noopener\">CONTATO AQUI<\/a><\/div><\/div><p><\/p>","protected":false},"excerpt":{"rendered":"","protected":false},"author":1,"featured_media":0,"parent":0,"menu_order":0,"comment_status":"closed","ping_status":"closed","template":"","meta":{"_monsterinsights_skip_tracking":false,"_monsterinsights_sitenote_active":false,"_monsterinsights_sitenote_note":"","_monsterinsights_sitenote_category":0,"footnotes":""},"class_list":["post-91","page","type-page","status-publish","hentry"],"yoast_head":"<!-- This site is optimized with the Yoast SEO plugin v25.6 - https:\/\/yoast.com\/wordpress\/plugins\/seo\/ -->\n<title>CONTATOS - CAPELANIA OMCE<\/title>\n<meta name=\"description\" content=\"Contato com a Ordem Mundial dos Capel\u00e3es Evang\u00e9licos, tamb\u00e9m conhecida como capelania omce. Entre em contato e compre seu curso de capelania.\" \/>\n<meta name=\"robots\" content=\"index, follow, max-snippet:-1, max-image-preview:large, max-video-preview:-1\" \/>\n<link rel=\"canonical\" href=\"https:\/\/diplomaciacivil.com\/index.php\/contatos\/\" \/>\n<meta property=\"og:locale\" content=\"pt_BR\" \/>\n<meta property=\"og:type\" content=\"article\" \/>\n<meta property=\"og:title\" content=\"CONTATOS - CAPELANIA OMCE\" \/>\n<meta property=\"og:description\" content=\"Contato com a Ordem Mundial dos Capel\u00e3es Evang\u00e9licos, tamb\u00e9m conhecida como capelania omce. Entre em contato e compre seu curso de capelania.\" \/>\n<meta property=\"og:url\" content=\"https:\/\/diplomaciacivil.com\/index.php\/contatos\/\" \/>\n<meta property=\"og:site_name\" content=\"CAPELANIA OMCE\" \/>\n<meta property=\"article:modified_time\" content=\"2026-02-16T17:49:29+00:00\" \/>\n<meta name=\"twitter:card\" content=\"summary_large_image\" \/>\n<meta name=\"twitter:label1\" content=\"Est. tempo de leitura\" \/>\n\t<meta name=\"twitter:data1\" content=\"1 minuto\" \/>\n<script type=\"application\/ld+json\" class=\"yoast-schema-graph\">{\"@context\":\"https:\/\/schema.org\",\"@graph\":[{\"@type\":\"WebPage\",\"@id\":\"https:\/\/diplomaciacivil.com\/index.php\/contatos\/\",\"url\":\"https:\/\/diplomaciacivil.com\/index.php\/contatos\/\",\"name\":\"CONTATOS - CAPELANIA OMCE\",\"isPartOf\":{\"@id\":\"https:\/\/diplomaciacivil.com\/#website\"},\"primaryImageOfPage\":{\"@id\":\"https:\/\/diplomaciacivil.com\/index.php\/contatos\/#primaryimage\"},\"image\":{\"@id\":\"https:\/\/diplomaciacivil.com\/index.php\/contatos\/#primaryimage\"},\"thumbnailUrl\":\"https:\/\/diplomaciacivil.com\/wp-content\/uploads\/2022\/04\/Selo-de-Garantia-1024x1024.png\",\"datePublished\":\"2021-07-30T13:00:13+00:00\",\"dateModified\":\"2026-02-16T17:49:29+00:00\",\"description\":\"Contato com a Ordem Mundial dos Capel\u00e3es Evang\u00e9licos, tamb\u00e9m conhecida como capelania omce. Entre em contato e compre seu curso de capelania.\",\"breadcrumb\":{\"@id\":\"https:\/\/diplomaciacivil.com\/index.php\/contatos\/#breadcrumb\"},\"inLanguage\":\"pt-BR\",\"potentialAction\":[{\"@type\":\"ReadAction\",\"target\":[\"https:\/\/diplomaciacivil.com\/index.php\/contatos\/\"]}]},{\"@type\":\"ImageObject\",\"inLanguage\":\"pt-BR\",\"@id\":\"https:\/\/diplomaciacivil.com\/index.php\/contatos\/#primaryimage\",\"url\":\"\",\"contentUrl\":\"\"},{\"@type\":\"BreadcrumbList\",\"@id\":\"https:\/\/diplomaciacivil.com\/index.php\/contatos\/#breadcrumb\",\"itemListElement\":[{\"@type\":\"ListItem\",\"position\":1,\"name\":\"In\u00edcio\",\"item\":\"https:\/\/diplomaciacivil.com\/\"},{\"@type\":\"ListItem\",\"position\":2,\"name\":\"CONTATOS\"}]},{\"@type\":\"WebSite\",\"@id\":\"https:\/\/diplomaciacivil.com\/#website\",\"url\":\"https:\/\/diplomaciacivil.com\/\",\"name\":\"CAPELANIA OMCE\",\"description\":\"Ordem Mundial dos Capel\u00e3es Evang\u00e9licos\",\"potentialAction\":[{\"@type\":\"SearchAction\",\"target\":{\"@type\":\"EntryPoint\",\"urlTemplate\":\"https:\/\/diplomaciacivil.com\/?s={search_term_string}\"},\"query-input\":{\"@type\":\"PropertyValueSpecification\",\"valueRequired\":true,\"valueName\":\"search_term_string\"}}],\"inLanguage\":\"pt-BR\"}]}<\/script>\n<!-- \/ Yoast SEO plugin. -->","yoast_head_json":{"title":"CONTATOS - CAPELANIA OMCE","description":"Contato com a Ordem Mundial dos Capel\u00e3es Evang\u00e9licos, tamb\u00e9m conhecida como capelania omce. Entre em contato e compre seu curso de capelania.","robots":{"index":"index","follow":"follow","max-snippet":"max-snippet:-1","max-image-preview":"max-image-preview:large","max-video-preview":"max-video-preview:-1"},"canonical":"https:\/\/diplomaciacivil.com\/index.php\/contatos\/","og_locale":"pt_BR","og_type":"article","og_title":"CONTATOS - CAPELANIA OMCE","og_description":"Contato com a Ordem Mundial dos Capel\u00e3es Evang\u00e9licos, tamb\u00e9m conhecida como capelania omce. Entre em contato e compre seu curso de capelania.","og_url":"https:\/\/diplomaciacivil.com\/index.php\/contatos\/","og_site_name":"CAPELANIA OMCE","article_modified_time":"2026-02-16T17:49:29+00:00","twitter_card":"summary_large_image","twitter_misc":{"Est. tempo de leitura":"1 minuto"},"schema":{"@context":"https:\/\/schema.org","@graph":[{"@type":"WebPage","@id":"https:\/\/diplomaciacivil.com\/index.php\/contatos\/","url":"https:\/\/diplomaciacivil.com\/index.php\/contatos\/","name":"CONTATOS - CAPELANIA OMCE","isPartOf":{"@id":"https:\/\/diplomaciacivil.com\/#website"},"primaryImageOfPage":{"@id":"https:\/\/diplomaciacivil.com\/index.php\/contatos\/#primaryimage"},"image":{"@id":"https:\/\/diplomaciacivil.com\/index.php\/contatos\/#primaryimage"},"thumbnailUrl":"https:\/\/diplomaciacivil.com\/wp-content\/uploads\/2022\/04\/Selo-de-Garantia-1024x1024.png","datePublished":"2021-07-30T13:00:13+00:00","dateModified":"2026-02-16T17:49:29+00:00","description":"Contato com a Ordem Mundial dos Capel\u00e3es Evang\u00e9licos, tamb\u00e9m conhecida como capelania omce. Entre em contato e compre seu curso de capelania.","breadcrumb":{"@id":"https:\/\/diplomaciacivil.com\/index.php\/contatos\/#breadcrumb"},"inLanguage":"pt-BR","potentialAction":[{"@type":"ReadAction","target":["https:\/\/diplomaciacivil.com\/index.php\/contatos\/"]}]},{"@type":"ImageObject","inLanguage":"pt-BR","@id":"https:\/\/diplomaciacivil.com\/index.php\/contatos\/#primaryimage","url":"","contentUrl":""},{"@type":"BreadcrumbList","@id":"https:\/\/diplomaciacivil.com\/index.php\/contatos\/#breadcrumb","itemListElement":[{"@type":"ListItem","position":1,"name":"In\u00edcio","item":"https:\/\/diplomaciacivil.com\/"},{"@type":"ListItem","position":2,"name":"CONTATOS"}]},{"@type":"WebSite","@id":"https:\/\/diplomaciacivil.com\/#website","url":"https:\/\/diplomaciacivil.com\/","name":"CAPELANIA OMCE","description":"Ordem Mundial dos Capel\u00e3es Evang\u00e9licos","potentialAction":[{"@type":"SearchAction","target":{"@type":"EntryPoint","urlTemplate":"https:\/\/diplomaciacivil.com\/?s={search_term_string}"},"query-input":{"@type":"PropertyValueSpecification","valueRequired":true,"valueName":"search_term_string"}}],"inLanguage":"pt-BR"}]}},"_links":{"self":[{"href":"https:\/\/diplomaciacivil.com\/index.php\/wp-json\/wp\/v2\/pages\/91"}],"collection":[{"href":"https:\/\/diplomaciacivil.com\/index.php\/wp-json\/wp\/v2\/pages"}],"about":[{"href":"https:\/\/diplomaciacivil.com\/index.php\/wp-json\/wp\/v2\/types\/page"}],"author":[{"embeddable":true,"href":"https:\/\/diplomaciacivil.com\/index.php\/wp-json\/wp\/v2\/users\/1"}],"replies":[{"embeddable":true,"href":"https:\/\/diplomaciacivil.com\/index.php\/wp-json\/wp\/v2\/comments?post=91"}],"version-history":[{"count":15,"href":"https:\/\/diplomaciacivil.com\/index.php\/wp-json\/wp\/v2\/pages\/91\/revisions"}],"predecessor-version":[{"id":3946,"href":"https:\/\/diplomaciacivil.com\/index.php\/wp-json\/wp\/v2\/pages\/91\/revisions\/3946"}],"wp:attachment":[{"href":"https:\/\/diplomaciacivil.com\/index.php\/wp-json\/wp\/v2\/media?parent=91"}],"curies":[{"name":"wp","href":"https:\/\/api.w.org\/{rel}","templated":true}]}}