{"id":37,"date":"2021-07-28T15:29:40","date_gmt":"2021-07-28T18:29:40","guid":{"rendered":"http:\/\/diplomaciacivil.com\/?page_id=37"},"modified":"2026-02-16T22:15:33","modified_gmt":"2026-02-17T01:15:33","slug":"renove-sua-credencial-de-capelao-evangelico-da-omce","status":"publish","type":"page","link":"https:\/\/diplomaciacivil.com\/index.php\/renove-sua-credencial-de-capelao-evangelico-da-omce\/","title":{"rendered":"Renova\u00e7\u00e3o"},"content":{"rendered":"<div class=\"wp-block-image\"><figure class=\"aligncenter size-large\"><img fetchpriority=\"high\" decoding=\"async\" width=\"1024\" height=\"576\" src=\"https:\/\/diplomaciacivil.com\/wp-content\/uploads\/2026\/02\/renovacao-s9-1-1024x576.png\" alt=\"\" class=\"wp-image-4001\" srcset=\"https:\/\/diplomaciacivil.com\/wp-content\/uploads\/2026\/02\/renovacao-s9-1-1024x576.png 1024w, https:\/\/diplomaciacivil.com\/wp-content\/uploads\/2026\/02\/renovacao-s9-1-600x338.png 600w, https:\/\/diplomaciacivil.com\/wp-content\/uploads\/2026\/02\/renovacao-s9-1-300x169.png 300w, https:\/\/diplomaciacivil.com\/wp-content\/uploads\/2026\/02\/renovacao-s9-1-768x432.png 768w, https:\/\/diplomaciacivil.com\/wp-content\/uploads\/2026\/02\/renovacao-s9-1-1536x864.png 1536w, https:\/\/diplomaciacivil.com\/wp-content\/uploads\/2026\/02\/renovacao-s9-1-1320x743.png 1320w, https:\/\/diplomaciacivil.com\/wp-content\/uploads\/2026\/02\/renovacao-s9-1.png 1920w\" sizes=\"(max-width: 1024px) 100vw, 1024px\" \/><\/figure><\/div>","protected":false},"excerpt":{"rendered":"","protected":false},"author":1,"featured_media":0,"parent":0,"menu_order":0,"comment_status":"closed","ping_status":"closed","template":"elementor_header_footer","meta":{"_monsterinsights_skip_tracking":false,"_monsterinsights_sitenote_active":false,"_monsterinsights_sitenote_note":"","_monsterinsights_sitenote_category":0,"footnotes":""},"class_list":["post-37","page","type-page","status-publish","hentry"],"yoast_head":"<!-- This site is optimized with the Yoast SEO plugin v25.6 - https:\/\/yoast.com\/wordpress\/plugins\/seo\/ -->\n<title>Renova\u00e7\u00e3o - CAPELANIA OMCE<\/title>\n<meta name=\"description\" content=\"Como renovar sua credencial da Ordem Mundial dos Capel\u00e3es Evang\u00e9licos. tamb\u00e9m conhecida como capelania OMCE e Diplomata Civil Humanit\u00e1rio.\" \/>\n<meta name=\"robots\" content=\"index, follow, max-snippet:-1, max-image-preview:large, max-video-preview:-1\" \/>\n<link rel=\"canonical\" href=\"https:\/\/diplomaciacivil.com\/index.php\/renove-sua-credencial-de-capelao-evangelico-da-omce\/\" \/>\n<meta property=\"og:locale\" content=\"pt_BR\" \/>\n<meta property=\"og:type\" content=\"article\" \/>\n<meta property=\"og:title\" content=\"Renova\u00e7\u00e3o - CAPELANIA OMCE\" \/>\n<meta property=\"og:description\" content=\"Como renovar sua credencial da Ordem Mundial dos Capel\u00e3es Evang\u00e9licos. tamb\u00e9m conhecida como capelania OMCE e Diplomata Civil Humanit\u00e1rio.\" \/>\n<meta property=\"og:url\" content=\"https:\/\/diplomaciacivil.com\/index.php\/renove-sua-credencial-de-capelao-evangelico-da-omce\/\" \/>\n<meta property=\"og:site_name\" content=\"CAPELANIA OMCE\" \/>\n<meta property=\"article:modified_time\" content=\"2026-02-17T01:15:33+00:00\" \/>\n<meta property=\"og:image\" content=\"https:\/\/diplomaciacivil.com\/wp-content\/uploads\/2026\/02\/renovacao-s9-1.png\" \/>\n\t<meta property=\"og:image:width\" content=\"1920\" \/>\n\t<meta property=\"og:image:height\" content=\"1080\" \/>\n\t<meta property=\"og:image:type\" content=\"image\/png\" \/>\n<meta name=\"twitter:card\" content=\"summary_large_image\" \/>\n<meta name=\"twitter:label1\" content=\"Est. tempo de leitura\" \/>\n\t<meta name=\"twitter:data1\" content=\"1 minuto\" \/>\n<script type=\"application\/ld+json\" class=\"yoast-schema-graph\">{\"@context\":\"https:\/\/schema.org\",\"@graph\":[{\"@type\":\"WebPage\",\"@id\":\"https:\/\/diplomaciacivil.com\/index.php\/renove-sua-credencial-de-capelao-evangelico-da-omce\/\",\"url\":\"https:\/\/diplomaciacivil.com\/index.php\/renove-sua-credencial-de-capelao-evangelico-da-omce\/\",\"name\":\"Renova\u00e7\u00e3o - CAPELANIA OMCE\",\"isPartOf\":{\"@id\":\"https:\/\/diplomaciacivil.com\/#website\"},\"primaryImageOfPage\":{\"@id\":\"https:\/\/diplomaciacivil.com\/index.php\/renove-sua-credencial-de-capelao-evangelico-da-omce\/#primaryimage\"},\"image\":{\"@id\":\"https:\/\/diplomaciacivil.com\/index.php\/renove-sua-credencial-de-capelao-evangelico-da-omce\/#primaryimage\"},\"thumbnailUrl\":\"https:\/\/diplomaciacivil.com\/wp-content\/uploads\/2026\/02\/renovacao-s9-1-1024x576.png\",\"datePublished\":\"2021-07-28T18:29:40+00:00\",\"dateModified\":\"2026-02-17T01:15:33+00:00\",\"description\":\"Como renovar sua credencial da Ordem Mundial dos Capel\u00e3es Evang\u00e9licos. tamb\u00e9m conhecida como capelania OMCE e Diplomata Civil Humanit\u00e1rio.\",\"breadcrumb\":{\"@id\":\"https:\/\/diplomaciacivil.com\/index.php\/renove-sua-credencial-de-capelao-evangelico-da-omce\/#breadcrumb\"},\"inLanguage\":\"pt-BR\",\"potentialAction\":[{\"@type\":\"ReadAction\",\"target\":[\"https:\/\/diplomaciacivil.com\/index.php\/renove-sua-credencial-de-capelao-evangelico-da-omce\/\"]}]},{\"@type\":\"ImageObject\",\"inLanguage\":\"pt-BR\",\"@id\":\"https:\/\/diplomaciacivil.com\/index.php\/renove-sua-credencial-de-capelao-evangelico-da-omce\/#primaryimage\",\"url\":\"https:\/\/diplomaciacivil.com\/wp-content\/uploads\/2026\/02\/renovacao-s9-1.png\",\"contentUrl\":\"https:\/\/diplomaciacivil.com\/wp-content\/uploads\/2026\/02\/renovacao-s9-1.png\",\"width\":1920,\"height\":1080},{\"@type\":\"BreadcrumbList\",\"@id\":\"https:\/\/diplomaciacivil.com\/index.php\/renove-sua-credencial-de-capelao-evangelico-da-omce\/#breadcrumb\",\"itemListElement\":[{\"@type\":\"ListItem\",\"position\":1,\"name\":\"In\u00edcio\",\"item\":\"https:\/\/diplomaciacivil.com\/\"},{\"@type\":\"ListItem\",\"position\":2,\"name\":\"Renova\u00e7\u00e3o\"}]},{\"@type\":\"WebSite\",\"@id\":\"https:\/\/diplomaciacivil.com\/#website\",\"url\":\"https:\/\/diplomaciacivil.com\/\",\"name\":\"CAPELANIA OMCE\",\"description\":\"Ordem Mundial dos Capel\u00e3es Evang\u00e9licos\",\"potentialAction\":[{\"@type\":\"SearchAction\",\"target\":{\"@type\":\"EntryPoint\",\"urlTemplate\":\"https:\/\/diplomaciacivil.com\/?s={search_term_string}\"},\"query-input\":{\"@type\":\"PropertyValueSpecification\",\"valueRequired\":true,\"valueName\":\"search_term_string\"}}],\"inLanguage\":\"pt-BR\"}]}<\/script>\n<!-- \/ Yoast SEO plugin. -->","yoast_head_json":{"title":"Renova\u00e7\u00e3o - CAPELANIA OMCE","description":"Como renovar sua credencial da Ordem Mundial dos Capel\u00e3es Evang\u00e9licos. tamb\u00e9m conhecida como capelania OMCE e Diplomata Civil Humanit\u00e1rio.","robots":{"index":"index","follow":"follow","max-snippet":"max-snippet:-1","max-image-preview":"max-image-preview:large","max-video-preview":"max-video-preview:-1"},"canonical":"https:\/\/diplomaciacivil.com\/index.php\/renove-sua-credencial-de-capelao-evangelico-da-omce\/","og_locale":"pt_BR","og_type":"article","og_title":"Renova\u00e7\u00e3o - CAPELANIA OMCE","og_description":"Como renovar sua credencial da Ordem Mundial dos Capel\u00e3es Evang\u00e9licos. tamb\u00e9m conhecida como capelania OMCE e Diplomata Civil Humanit\u00e1rio.","og_url":"https:\/\/diplomaciacivil.com\/index.php\/renove-sua-credencial-de-capelao-evangelico-da-omce\/","og_site_name":"CAPELANIA OMCE","article_modified_time":"2026-02-17T01:15:33+00:00","og_image":[{"width":1920,"height":1080,"url":"https:\/\/diplomaciacivil.com\/wp-content\/uploads\/2026\/02\/renovacao-s9-1.png","type":"image\/png"}],"twitter_card":"summary_large_image","twitter_misc":{"Est. tempo de leitura":"1 minuto"},"schema":{"@context":"https:\/\/schema.org","@graph":[{"@type":"WebPage","@id":"https:\/\/diplomaciacivil.com\/index.php\/renove-sua-credencial-de-capelao-evangelico-da-omce\/","url":"https:\/\/diplomaciacivil.com\/index.php\/renove-sua-credencial-de-capelao-evangelico-da-omce\/","name":"Renova\u00e7\u00e3o - CAPELANIA OMCE","isPartOf":{"@id":"https:\/\/diplomaciacivil.com\/#website"},"primaryImageOfPage":{"@id":"https:\/\/diplomaciacivil.com\/index.php\/renove-sua-credencial-de-capelao-evangelico-da-omce\/#primaryimage"},"image":{"@id":"https:\/\/diplomaciacivil.com\/index.php\/renove-sua-credencial-de-capelao-evangelico-da-omce\/#primaryimage"},"thumbnailUrl":"https:\/\/diplomaciacivil.com\/wp-content\/uploads\/2026\/02\/renovacao-s9-1-1024x576.png","datePublished":"2021-07-28T18:29:40+00:00","dateModified":"2026-02-17T01:15:33+00:00","description":"Como renovar sua credencial da Ordem Mundial dos Capel\u00e3es Evang\u00e9licos. tamb\u00e9m conhecida como capelania OMCE e Diplomata Civil Humanit\u00e1rio.","breadcrumb":{"@id":"https:\/\/diplomaciacivil.com\/index.php\/renove-sua-credencial-de-capelao-evangelico-da-omce\/#breadcrumb"},"inLanguage":"pt-BR","potentialAction":[{"@type":"ReadAction","target":["https:\/\/diplomaciacivil.com\/index.php\/renove-sua-credencial-de-capelao-evangelico-da-omce\/"]}]},{"@type":"ImageObject","inLanguage":"pt-BR","@id":"https:\/\/diplomaciacivil.com\/index.php\/renove-sua-credencial-de-capelao-evangelico-da-omce\/#primaryimage","url":"https:\/\/diplomaciacivil.com\/wp-content\/uploads\/2026\/02\/renovacao-s9-1.png","contentUrl":"https:\/\/diplomaciacivil.com\/wp-content\/uploads\/2026\/02\/renovacao-s9-1.png","width":1920,"height":1080},{"@type":"BreadcrumbList","@id":"https:\/\/diplomaciacivil.com\/index.php\/renove-sua-credencial-de-capelao-evangelico-da-omce\/#breadcrumb","itemListElement":[{"@type":"ListItem","position":1,"name":"In\u00edcio","item":"https:\/\/diplomaciacivil.com\/"},{"@type":"ListItem","position":2,"name":"Renova\u00e7\u00e3o"}]},{"@type":"WebSite","@id":"https:\/\/diplomaciacivil.com\/#website","url":"https:\/\/diplomaciacivil.com\/","name":"CAPELANIA OMCE","description":"Ordem Mundial dos Capel\u00e3es Evang\u00e9licos","potentialAction":[{"@type":"SearchAction","target":{"@type":"EntryPoint","urlTemplate":"https:\/\/diplomaciacivil.com\/?s={search_term_string}"},"query-input":{"@type":"PropertyValueSpecification","valueRequired":true,"valueName":"search_term_string"}}],"inLanguage":"pt-BR"}]}},"_links":{"self":[{"href":"https:\/\/diplomaciacivil.com\/index.php\/wp-json\/wp\/v2\/pages\/37"}],"collection":[{"href":"https:\/\/diplomaciacivil.com\/index.php\/wp-json\/wp\/v2\/pages"}],"about":[{"href":"https:\/\/diplomaciacivil.com\/index.php\/wp-json\/wp\/v2\/types\/page"}],"author":[{"embeddable":true,"href":"https:\/\/diplomaciacivil.com\/index.php\/wp-json\/wp\/v2\/users\/1"}],"replies":[{"embeddable":true,"href":"https:\/\/diplomaciacivil.com\/index.php\/wp-json\/wp\/v2\/comments?post=37"}],"version-history":[{"count":149,"href":"https:\/\/diplomaciacivil.com\/index.php\/wp-json\/wp\/v2\/pages\/37\/revisions"}],"predecessor-version":[{"id":4002,"href":"https:\/\/diplomaciacivil.com\/index.php\/wp-json\/wp\/v2\/pages\/37\/revisions\/4002"}],"wp:attachment":[{"href":"https:\/\/diplomaciacivil.com\/index.php\/wp-json\/wp\/v2\/media?parent=37"}],"curies":[{"name":"wp","href":"https:\/\/api.w.org\/{rel}","templated":true}]}}