{"id":1600,"date":"2021-08-31T18:15:36","date_gmt":"2021-08-31T21:15:36","guid":{"rendered":"http:\/\/diplomaciacivil.com\/?page_id=1600"},"modified":"2021-10-01T20:32:48","modified_gmt":"2021-10-01T23:32:48","slug":"sucesso","status":"publish","type":"page","link":"https:\/\/diplomaciacivil.com\/index.php\/sucesso\/","title":{"rendered":"Cadastro feito com sucesso"},"content":{"rendered":"<p class=\"has-black-color has-cyan-bluish-gray-background-color has-text-color has-background\">Se voc\u00ea n\u00e3o \u00e9 capel\u00e3o da OMCE ou sua credencial n\u00e3o foi renovada, o seu cadastro ser\u00e1 recusado.  Caso queira fazer parte da OMCE, entre em contato conosco para comprar nosso curso ou fazer a renova\u00e7\u00e3o. <\/p><div class=\"wp-block-buttons is-layout-flex wp-block-buttons-is-layout-flex\"><div class=\"wp-block-button\"><a class=\"wp-block-button__link\" href=\"https:\/\/api.whatsapp.com\/send?phone=5531920014377\" target=\"_blank\" rel=\"noreferrer noopener\">COMPRAR CURSO<\/a><\/div><\/div><div class=\"wp-block-buttons is-layout-flex wp-block-buttons-is-layout-flex\"><div class=\"wp-block-button\"><a class=\"wp-block-button__link\" href=\"http:\/\/diplomaciacivil.com\/index.php\/renovacao\/\" target=\"_blank\" rel=\"noreferrer noopener\">RENOVAR CREDENCIAL<\/a><\/div><\/div><hr class=\"wp-block-separator\"\/><p class=\"has-cyan-bluish-gray-background-color has-background has-medium-font-size\">\u00c9 obrigat\u00f3rio enviar o comprovante de pagamento se voc\u00ea comprou o curso ou pagou a renova\u00e7\u00e3o agora. <\/p><div class=\"wp-block-columns is-layout-flex wp-container-core-columns-is-layout-1 wp-block-columns-is-layout-flex\"><div class=\"wp-block-column is-layout-flow wp-block-column-is-layout-flow\" style=\"flex-basis:100%\"><div class=\"wp-block-buttons is-layout-flex wp-block-buttons-is-layout-flex\"><div class=\"wp-block-button\"><a class=\"wp-block-button__link\" href=\"https:\/\/api.whatsapp.com\/send?phone=5531994171185\" target=\"_blank\" rel=\"noreferrer noopener\">ENVIAR COMPROVANTE<\/a><\/div><\/div>\n\n<hr class=\"wp-block-separator aligncenter\"\/><\/div><\/div><p class=\"has-cyan-bluish-gray-background-color has-background has-medium-font-size\">Voc\u00ea recebera um E-MAIL quando seu cadastro for aprovado.<\/p><div class=\"wp-block-buttons is-layout-flex wp-block-buttons-is-layout-flex\"><div class=\"wp-block-button\"><a class=\"wp-block-button__link\" href=\"http:\/\/diplomaciacivil.com\/index.php\/entrar\/\" target=\"_blank\" rel=\"noreferrer noopener\">FAZER LOGIN<\/a><\/div><\/div>","protected":false},"excerpt":{"rendered":"<p>Se voc\u00ea n\u00e3o \u00e9 capel\u00e3o da OMCE ou sua credencial n\u00e3o foi renovada, o seu cadastro ser\u00e1 recusado. Caso queira fazer parte da OMCE, entre em contato conosco para comprar nosso curso ou fazer a renova\u00e7\u00e3o. \u00c9 obrigat\u00f3rio enviar o comprovante de pagamento se voc\u00ea comprou o curso ou pagou a renova\u00e7\u00e3o agora. Voc\u00ea recebera [&hellip;]<\/p>\n","protected":false},"author":1,"featured_media":0,"parent":0,"menu_order":0,"comment_status":"closed","ping_status":"closed","template":"elementor_header_footer","meta":{"_monsterinsights_skip_tracking":false,"_monsterinsights_sitenote_active":false,"_monsterinsights_sitenote_note":"","_monsterinsights_sitenote_category":0,"footnotes":""},"class_list":["post-1600","page","type-page","status-publish","hentry"],"yoast_head":"<!-- This site is optimized with the Yoast SEO plugin v25.6 - https:\/\/yoast.com\/wordpress\/plugins\/seo\/ -->\n<title>Cadastro feito com sucesso - CAPELANIA OMCE<\/title>\n<meta name=\"robots\" content=\"index, follow, max-snippet:-1, max-image-preview:large, max-video-preview:-1\" \/>\n<link rel=\"canonical\" href=\"https:\/\/diplomaciacivil.com\/index.php\/sucesso\/\" \/>\n<meta property=\"og:locale\" content=\"pt_BR\" \/>\n<meta property=\"og:type\" content=\"article\" \/>\n<meta property=\"og:title\" content=\"Cadastro feito com sucesso - CAPELANIA OMCE\" \/>\n<meta property=\"og:description\" content=\"Se voc\u00ea n\u00e3o \u00e9 capel\u00e3o da OMCE ou sua credencial n\u00e3o foi renovada, o seu cadastro ser\u00e1 recusado. Caso queira fazer parte da OMCE, entre em contato conosco para comprar nosso curso ou fazer a renova\u00e7\u00e3o. \u00c9 obrigat\u00f3rio enviar o comprovante de pagamento se voc\u00ea comprou o curso ou pagou a renova\u00e7\u00e3o agora. Voc\u00ea recebera [&hellip;]\" \/>\n<meta property=\"og:url\" content=\"https:\/\/diplomaciacivil.com\/index.php\/sucesso\/\" \/>\n<meta property=\"og:site_name\" content=\"CAPELANIA OMCE\" \/>\n<meta property=\"article:modified_time\" content=\"2021-10-01T23:32:48+00:00\" \/>\n<meta name=\"twitter:card\" content=\"summary_large_image\" \/>\n<meta name=\"twitter:label1\" content=\"Est. tempo de leitura\" \/>\n\t<meta name=\"twitter:data1\" content=\"1 minuto\" \/>\n<script type=\"application\/ld+json\" class=\"yoast-schema-graph\">{\"@context\":\"https:\/\/schema.org\",\"@graph\":[{\"@type\":\"WebPage\",\"@id\":\"https:\/\/diplomaciacivil.com\/index.php\/sucesso\/\",\"url\":\"https:\/\/diplomaciacivil.com\/index.php\/sucesso\/\",\"name\":\"Cadastro feito com sucesso - CAPELANIA OMCE\",\"isPartOf\":{\"@id\":\"https:\/\/diplomaciacivil.com\/#website\"},\"datePublished\":\"2021-08-31T21:15:36+00:00\",\"dateModified\":\"2021-10-01T23:32:48+00:00\",\"breadcrumb\":{\"@id\":\"https:\/\/diplomaciacivil.com\/index.php\/sucesso\/#breadcrumb\"},\"inLanguage\":\"pt-BR\",\"potentialAction\":[{\"@type\":\"ReadAction\",\"target\":[\"https:\/\/diplomaciacivil.com\/index.php\/sucesso\/\"]}]},{\"@type\":\"BreadcrumbList\",\"@id\":\"https:\/\/diplomaciacivil.com\/index.php\/sucesso\/#breadcrumb\",\"itemListElement\":[{\"@type\":\"ListItem\",\"position\":1,\"name\":\"In\u00edcio\",\"item\":\"https:\/\/diplomaciacivil.com\/\"},{\"@type\":\"ListItem\",\"position\":2,\"name\":\"Cadastro feito com sucesso\"}]},{\"@type\":\"WebSite\",\"@id\":\"https:\/\/diplomaciacivil.com\/#website\",\"url\":\"https:\/\/diplomaciacivil.com\/\",\"name\":\"CAPELANIA OMCE\",\"description\":\"Ordem Mundial dos Capel\u00e3es Evang\u00e9licos\",\"potentialAction\":[{\"@type\":\"SearchAction\",\"target\":{\"@type\":\"EntryPoint\",\"urlTemplate\":\"https:\/\/diplomaciacivil.com\/?s={search_term_string}\"},\"query-input\":{\"@type\":\"PropertyValueSpecification\",\"valueRequired\":true,\"valueName\":\"search_term_string\"}}],\"inLanguage\":\"pt-BR\"}]}<\/script>\n<!-- \/ Yoast SEO plugin. -->","yoast_head_json":{"title":"Cadastro feito com sucesso - CAPELANIA OMCE","robots":{"index":"index","follow":"follow","max-snippet":"max-snippet:-1","max-image-preview":"max-image-preview:large","max-video-preview":"max-video-preview:-1"},"canonical":"https:\/\/diplomaciacivil.com\/index.php\/sucesso\/","og_locale":"pt_BR","og_type":"article","og_title":"Cadastro feito com sucesso - CAPELANIA OMCE","og_description":"Se voc\u00ea n\u00e3o \u00e9 capel\u00e3o da OMCE ou sua credencial n\u00e3o foi renovada, o seu cadastro ser\u00e1 recusado. Caso queira fazer parte da OMCE, entre em contato conosco para comprar nosso curso ou fazer a renova\u00e7\u00e3o. \u00c9 obrigat\u00f3rio enviar o comprovante de pagamento se voc\u00ea comprou o curso ou pagou a renova\u00e7\u00e3o agora. Voc\u00ea recebera [&hellip;]","og_url":"https:\/\/diplomaciacivil.com\/index.php\/sucesso\/","og_site_name":"CAPELANIA OMCE","article_modified_time":"2021-10-01T23:32:48+00:00","twitter_card":"summary_large_image","twitter_misc":{"Est. tempo de leitura":"1 minuto"},"schema":{"@context":"https:\/\/schema.org","@graph":[{"@type":"WebPage","@id":"https:\/\/diplomaciacivil.com\/index.php\/sucesso\/","url":"https:\/\/diplomaciacivil.com\/index.php\/sucesso\/","name":"Cadastro feito com sucesso - CAPELANIA OMCE","isPartOf":{"@id":"https:\/\/diplomaciacivil.com\/#website"},"datePublished":"2021-08-31T21:15:36+00:00","dateModified":"2021-10-01T23:32:48+00:00","breadcrumb":{"@id":"https:\/\/diplomaciacivil.com\/index.php\/sucesso\/#breadcrumb"},"inLanguage":"pt-BR","potentialAction":[{"@type":"ReadAction","target":["https:\/\/diplomaciacivil.com\/index.php\/sucesso\/"]}]},{"@type":"BreadcrumbList","@id":"https:\/\/diplomaciacivil.com\/index.php\/sucesso\/#breadcrumb","itemListElement":[{"@type":"ListItem","position":1,"name":"In\u00edcio","item":"https:\/\/diplomaciacivil.com\/"},{"@type":"ListItem","position":2,"name":"Cadastro feito com sucesso"}]},{"@type":"WebSite","@id":"https:\/\/diplomaciacivil.com\/#website","url":"https:\/\/diplomaciacivil.com\/","name":"CAPELANIA OMCE","description":"Ordem Mundial dos Capel\u00e3es Evang\u00e9licos","potentialAction":[{"@type":"SearchAction","target":{"@type":"EntryPoint","urlTemplate":"https:\/\/diplomaciacivil.com\/?s={search_term_string}"},"query-input":{"@type":"PropertyValueSpecification","valueRequired":true,"valueName":"search_term_string"}}],"inLanguage":"pt-BR"}]}},"_links":{"self":[{"href":"https:\/\/diplomaciacivil.com\/index.php\/wp-json\/wp\/v2\/pages\/1600"}],"collection":[{"href":"https:\/\/diplomaciacivil.com\/index.php\/wp-json\/wp\/v2\/pages"}],"about":[{"href":"https:\/\/diplomaciacivil.com\/index.php\/wp-json\/wp\/v2\/types\/page"}],"author":[{"embeddable":true,"href":"https:\/\/diplomaciacivil.com\/index.php\/wp-json\/wp\/v2\/users\/1"}],"replies":[{"embeddable":true,"href":"https:\/\/diplomaciacivil.com\/index.php\/wp-json\/wp\/v2\/comments?post=1600"}],"version-history":[{"count":19,"href":"https:\/\/diplomaciacivil.com\/index.php\/wp-json\/wp\/v2\/pages\/1600\/revisions"}],"predecessor-version":[{"id":2858,"href":"https:\/\/diplomaciacivil.com\/index.php\/wp-json\/wp\/v2\/pages\/1600\/revisions\/2858"}],"wp:attachment":[{"href":"https:\/\/diplomaciacivil.com\/index.php\/wp-json\/wp\/v2\/media?parent=1600"}],"curies":[{"name":"wp","href":"https:\/\/api.w.org\/{rel}","templated":true}]}}