{"id":1371,"date":"2021-08-24T17:44:35","date_gmt":"2021-08-24T20:44:35","guid":{"rendered":"http:\/\/diplomaciacivil.com\/?page_id=1371"},"modified":"2022-08-10T00:49:23","modified_gmt":"2022-08-10T03:49:23","slug":"registro-online-de-capelao-da-ordem-mundial-dos-capelaes-evangelicos","status":"publish","type":"page","link":"https:\/\/diplomaciacivil.com\/index.php\/registro-online-de-capelao-da-ordem-mundial-dos-capelaes-evangelicos\/","title":{"rendered":"Pagina de membro"},"content":{"rendered":"","protected":false},"excerpt":{"rendered":"","protected":false},"author":1,"featured_media":0,"parent":0,"menu_order":0,"comment_status":"closed","ping_status":"closed","template":"","meta":{"_monsterinsights_skip_tracking":false,"_monsterinsights_sitenote_active":false,"_monsterinsights_sitenote_note":"","_monsterinsights_sitenote_category":0,"footnotes":""},"class_list":["post-1371","page","type-page","status-publish","hentry"],"yoast_head":"<!-- This site is optimized with the Yoast SEO plugin v25.6 - https:\/\/yoast.com\/wordpress\/plugins\/seo\/ -->\n<title>Pagina de membro - CAPELANIA OMCE<\/title>\n<meta name=\"description\" content=\"Registro online da Ordem Mundial dos Capel\u00e3es Evang\u00e9licos. Como Capel\u00e3o Diplomata Civil Humanit\u00e1rio da OMCE voc\u00ea pode fazer seu registro.\" \/>\n<meta name=\"robots\" content=\"index, follow, max-snippet:-1, max-image-preview:large, max-video-preview:-1\" \/>\n<link rel=\"canonical\" href=\"https:\/\/diplomaciacivil.com\/index.php\/registro-online-de-capelao-da-ordem-mundial-dos-capelaes-evangelicos\/\" \/>\n<meta property=\"og:locale\" content=\"pt_BR\" \/>\n<meta property=\"og:type\" content=\"article\" \/>\n<meta property=\"og:title\" content=\"Pagina de membro - CAPELANIA OMCE\" \/>\n<meta property=\"og:description\" content=\"Registro online da Ordem Mundial dos Capel\u00e3es Evang\u00e9licos. Como Capel\u00e3o Diplomata Civil Humanit\u00e1rio da OMCE voc\u00ea pode fazer seu registro.\" \/>\n<meta property=\"og:url\" content=\"https:\/\/diplomaciacivil.com\/index.php\/registro-online-de-capelao-da-ordem-mundial-dos-capelaes-evangelicos\/\" \/>\n<meta property=\"og:site_name\" content=\"CAPELANIA OMCE\" \/>\n<meta property=\"article:modified_time\" content=\"2022-08-10T03:49:23+00:00\" \/>\n<meta name=\"twitter:card\" content=\"summary_large_image\" \/>\n<script type=\"application\/ld+json\" class=\"yoast-schema-graph\">{\"@context\":\"https:\/\/schema.org\",\"@graph\":[{\"@type\":\"WebPage\",\"@id\":\"https:\/\/diplomaciacivil.com\/index.php\/registro-online-de-capelao-da-ordem-mundial-dos-capelaes-evangelicos\/\",\"url\":\"https:\/\/diplomaciacivil.com\/index.php\/registro-online-de-capelao-da-ordem-mundial-dos-capelaes-evangelicos\/\",\"name\":\"Pagina de membro - CAPELANIA OMCE\",\"isPartOf\":{\"@id\":\"https:\/\/diplomaciacivil.com\/#website\"},\"datePublished\":\"2021-08-24T20:44:35+00:00\",\"dateModified\":\"2022-08-10T03:49:23+00:00\",\"description\":\"Registro online da Ordem Mundial dos Capel\u00e3es Evang\u00e9licos. Como Capel\u00e3o Diplomata Civil Humanit\u00e1rio da OMCE voc\u00ea pode fazer seu registro.\",\"breadcrumb\":{\"@id\":\"https:\/\/diplomaciacivil.com\/index.php\/registro-online-de-capelao-da-ordem-mundial-dos-capelaes-evangelicos\/#breadcrumb\"},\"inLanguage\":\"pt-BR\",\"potentialAction\":[{\"@type\":\"ReadAction\",\"target\":[\"https:\/\/diplomaciacivil.com\/index.php\/registro-online-de-capelao-da-ordem-mundial-dos-capelaes-evangelicos\/\"]}]},{\"@type\":\"BreadcrumbList\",\"@id\":\"https:\/\/diplomaciacivil.com\/index.php\/registro-online-de-capelao-da-ordem-mundial-dos-capelaes-evangelicos\/#breadcrumb\",\"itemListElement\":[{\"@type\":\"ListItem\",\"position\":1,\"name\":\"In\u00edcio\",\"item\":\"https:\/\/diplomaciacivil.com\/\"},{\"@type\":\"ListItem\",\"position\":2,\"name\":\"Pagina de membro\"}]},{\"@type\":\"WebSite\",\"@id\":\"https:\/\/diplomaciacivil.com\/#website\",\"url\":\"https:\/\/diplomaciacivil.com\/\",\"name\":\"CAPELANIA OMCE\",\"description\":\"Ordem Mundial dos Capel\u00e3es Evang\u00e9licos\",\"potentialAction\":[{\"@type\":\"SearchAction\",\"target\":{\"@type\":\"EntryPoint\",\"urlTemplate\":\"https:\/\/diplomaciacivil.com\/?s={search_term_string}\"},\"query-input\":{\"@type\":\"PropertyValueSpecification\",\"valueRequired\":true,\"valueName\":\"search_term_string\"}}],\"inLanguage\":\"pt-BR\"}]}<\/script>\n<!-- \/ Yoast SEO plugin. -->","yoast_head_json":{"title":"Pagina de membro - CAPELANIA OMCE","description":"Registro online da Ordem Mundial dos Capel\u00e3es Evang\u00e9licos. Como Capel\u00e3o Diplomata Civil Humanit\u00e1rio da OMCE voc\u00ea pode fazer seu registro.","robots":{"index":"index","follow":"follow","max-snippet":"max-snippet:-1","max-image-preview":"max-image-preview:large","max-video-preview":"max-video-preview:-1"},"canonical":"https:\/\/diplomaciacivil.com\/index.php\/registro-online-de-capelao-da-ordem-mundial-dos-capelaes-evangelicos\/","og_locale":"pt_BR","og_type":"article","og_title":"Pagina de membro - CAPELANIA OMCE","og_description":"Registro online da Ordem Mundial dos Capel\u00e3es Evang\u00e9licos. Como Capel\u00e3o Diplomata Civil Humanit\u00e1rio da OMCE voc\u00ea pode fazer seu registro.","og_url":"https:\/\/diplomaciacivil.com\/index.php\/registro-online-de-capelao-da-ordem-mundial-dos-capelaes-evangelicos\/","og_site_name":"CAPELANIA OMCE","article_modified_time":"2022-08-10T03:49:23+00:00","twitter_card":"summary_large_image","schema":{"@context":"https:\/\/schema.org","@graph":[{"@type":"WebPage","@id":"https:\/\/diplomaciacivil.com\/index.php\/registro-online-de-capelao-da-ordem-mundial-dos-capelaes-evangelicos\/","url":"https:\/\/diplomaciacivil.com\/index.php\/registro-online-de-capelao-da-ordem-mundial-dos-capelaes-evangelicos\/","name":"Pagina de membro - CAPELANIA OMCE","isPartOf":{"@id":"https:\/\/diplomaciacivil.com\/#website"},"datePublished":"2021-08-24T20:44:35+00:00","dateModified":"2022-08-10T03:49:23+00:00","description":"Registro online da Ordem Mundial dos Capel\u00e3es Evang\u00e9licos. Como Capel\u00e3o Diplomata Civil Humanit\u00e1rio da OMCE voc\u00ea pode fazer seu registro.","breadcrumb":{"@id":"https:\/\/diplomaciacivil.com\/index.php\/registro-online-de-capelao-da-ordem-mundial-dos-capelaes-evangelicos\/#breadcrumb"},"inLanguage":"pt-BR","potentialAction":[{"@type":"ReadAction","target":["https:\/\/diplomaciacivil.com\/index.php\/registro-online-de-capelao-da-ordem-mundial-dos-capelaes-evangelicos\/"]}]},{"@type":"BreadcrumbList","@id":"https:\/\/diplomaciacivil.com\/index.php\/registro-online-de-capelao-da-ordem-mundial-dos-capelaes-evangelicos\/#breadcrumb","itemListElement":[{"@type":"ListItem","position":1,"name":"In\u00edcio","item":"https:\/\/diplomaciacivil.com\/"},{"@type":"ListItem","position":2,"name":"Pagina de membro"}]},{"@type":"WebSite","@id":"https:\/\/diplomaciacivil.com\/#website","url":"https:\/\/diplomaciacivil.com\/","name":"CAPELANIA OMCE","description":"Ordem Mundial dos Capel\u00e3es Evang\u00e9licos","potentialAction":[{"@type":"SearchAction","target":{"@type":"EntryPoint","urlTemplate":"https:\/\/diplomaciacivil.com\/?s={search_term_string}"},"query-input":{"@type":"PropertyValueSpecification","valueRequired":true,"valueName":"search_term_string"}}],"inLanguage":"pt-BR"}]}},"_links":{"self":[{"href":"https:\/\/diplomaciacivil.com\/index.php\/wp-json\/wp\/v2\/pages\/1371"}],"collection":[{"href":"https:\/\/diplomaciacivil.com\/index.php\/wp-json\/wp\/v2\/pages"}],"about":[{"href":"https:\/\/diplomaciacivil.com\/index.php\/wp-json\/wp\/v2\/types\/page"}],"author":[{"embeddable":true,"href":"https:\/\/diplomaciacivil.com\/index.php\/wp-json\/wp\/v2\/users\/1"}],"replies":[{"embeddable":true,"href":"https:\/\/diplomaciacivil.com\/index.php\/wp-json\/wp\/v2\/comments?post=1371"}],"version-history":[{"count":1,"href":"https:\/\/diplomaciacivil.com\/index.php\/wp-json\/wp\/v2\/pages\/1371\/revisions"}],"predecessor-version":[{"id":1373,"href":"https:\/\/diplomaciacivil.com\/index.php\/wp-json\/wp\/v2\/pages\/1371\/revisions\/1373"}],"wp:attachment":[{"href":"https:\/\/diplomaciacivil.com\/index.php\/wp-json\/wp\/v2\/media?parent=1371"}],"curies":[{"name":"wp","href":"https:\/\/api.w.org\/{rel}","templated":true}]}}